{"id":35,"date":"2018-09-18T17:52:18","date_gmt":"2018-09-18T17:52:18","guid":{"rendered":"http:\/\/potinpot.industriales.upm.es\/?page_id=35"},"modified":"2018-11-04T18:18:50","modified_gmt":"2018-11-04T18:18:50","slug":"cuanto-enfria","status":"publish","type":"page","link":"http:\/\/potinpot.industriales.upm.es\/index.php\/cuanto-enfria\/","title":{"rendered":"\u00bfCuanto enfr\u00eda?"},"content":{"rendered":"<p>Hemos mencionado en los apartados anteriores que el pot-in-pot consigue descensos de temperatura de hasta 15 grados con respecto al exterior en las condiciones adecuadas, pero \u00bfcu\u00e1les son estas condiciones? \u00bfde qu\u00e9 depende el enfriamiento obtenido?<\/p>\n<p>Los factores que m\u00e1s influyen en el enfriamiento son la temperatura exterior y la humedad relativa, pero tambi\u00e9n influyen otros factores como el viento o el calor de respiraci\u00f3n de los alimentos contenidos en el pot-in-pot. Los modelos matem\u00e1ticos, una vez comprobado que se ajustan a la realidad, son muy \u00fatiles a la hora de predecir el enfriamiento alcanzable en las distintas condiciones.<\/p>\n<p>En la siguiente tabla (Fuente: C. Ortiz, Trabajo de Fin de Grado, ETSII UPM, 2017) se presentan las temperaturas que se alcanzar\u00e1n en el interior del recipiente para distintos valores de la humedad relativa y la temperatura exterior. Se puede ver que cuanto menor sea la humedad relativa y mayor la temperatura exterior, mayor ser\u00e1 el enfriamiento conseguido, entendiendo enfriamiento como la diferencia entre la temperatura exterior y la interior. Esto se debe a que esas condiciones favorecen la evaporaci\u00f3n del agua.<\/p>\n<p>Por ejemplo, si la temperatura exterior es de 40 \u00baC y la humedad relativa del 20 %, la temperatura interior es de 24,78 \u00baC, es decir, el enfriamiento del pot-in-pot es de m\u00e1s de 15 \u00baC.<\/p>\n<table style=\"height: 425px;\" width=\"733\">\n<tbody>\n<tr>\n<td width=\"72\"><strong>\u00a0<\/strong><\/td>\n<td colspan=\"9\" width=\"382\"><strong>HUMEDAD RELATIVA<\/strong><\/td>\n<\/tr>\n<tr>\n<td width=\"72\"><strong>TEMPERATURA EXTERIOR<\/strong><\/td>\n<td width=\"42\"><strong>10%<\/strong><\/td>\n<td width=\"42\"><strong>20%<\/strong><\/td>\n<td width=\"42\"><strong>30%<\/strong><\/td>\n<td width=\"42\"><strong>40%<\/strong><\/td>\n<td width=\"42\"><strong>50%<\/strong><\/td>\n<td width=\"42\"><strong>60%<\/strong><\/td>\n<td width=\"42\"><strong>70%<\/strong><\/td>\n<td width=\"42\"><strong>80%<\/strong><\/td>\n<td width=\"42\"><strong>90%<\/strong><\/td>\n<\/tr>\n<tr>\n<td width=\"72\"><strong>15<\/strong><\/td>\n<td width=\"42\">10,82<\/td>\n<td width=\"42\">11,75<\/td>\n<td width=\"42\">12,67<\/td>\n<td width=\"42\">13,59<\/td>\n<td width=\"42\">14,52<\/td>\n<td width=\"42\">15,45<\/td>\n<td width=\"42\">16,41<\/td>\n<td width=\"42\">17,45<\/td>\n<td width=\"42\">18,72<\/td>\n<\/tr>\n<tr>\n<td width=\"72\"><strong>20<\/strong><\/td>\n<td width=\"42\">13,52<\/td>\n<td width=\"42\">14,73<\/td>\n<td width=\"42\">15,91<\/td>\n<td width=\"42\">17,08<\/td>\n<td width=\"42\">18,24<\/td>\n<td width=\"42\">19,40<\/td>\n<td width=\"42\">20,58<\/td>\n<td width=\"42\">21,81<\/td>\n<td width=\"42\">23,23<\/td>\n<\/tr>\n<tr>\n<td width=\"72\"><strong>25<\/strong><\/td>\n<td width=\"42\">15,98<\/td>\n<td width=\"42\">17,51<\/td>\n<td width=\"42\">19,02<\/td>\n<td width=\"42\">20,49<\/td>\n<td width=\"42\">21,94<\/td>\n<td width=\"42\">23,37<\/td>\n<td width=\"42\">24,80<\/td>\n<td width=\"42\">26,27<\/td>\n<td width=\"42\">27,92<\/td>\n<\/tr>\n<tr>\n<td width=\"72\"><strong>30<\/strong><\/td>\n<td width=\"42\">18,18<\/td>\n<td width=\"42\">20,12<\/td>\n<td width=\"42\">22,00<\/td>\n<td width=\"42\">23,82<\/td>\n<td width=\"42\">25,60<\/td>\n<td width=\"42\">27,33<\/td>\n<td width=\"42\">29,04<\/td>\n<td width=\"42\">30,78<\/td>\n<td width=\"42\">32,68<\/td>\n<\/tr>\n<tr>\n<td width=\"72\"><strong>35<\/strong><\/td>\n<td width=\"42\">20,14<\/td>\n<td width=\"42\">22,54<\/td>\n<td width=\"42\">24,84<\/td>\n<td width=\"42\">27,06<\/td>\n<td width=\"42\">29,20<\/td>\n<td width=\"42\">31,26<\/td>\n<td width=\"42\">33,27<\/td>\n<td width=\"42\">35,28<\/td>\n<td width=\"42\">37,43<\/td>\n<\/tr>\n<tr>\n<td width=\"72\"><strong>40<\/strong><\/td>\n<td width=\"42\">21,85<\/td>\n<td width=\"42\">24,78<\/td>\n<td width=\"42\">27,56<\/td>\n<td width=\"42\">30,20<\/td>\n<td width=\"42\">32,72<\/td>\n<td width=\"42\">35,13<\/td>\n<td width=\"42\">37,45<\/td>\n<td width=\"42\">39,73<\/td>\n<td width=\"42\">42,13<\/td>\n<\/tr>\n<tr>\n<td width=\"72\"><strong>45<\/strong><\/td>\n<td width=\"42\">23,30<\/td>\n<td width=\"42\">26,82<\/td>\n<td width=\"42\">30,13<\/td>\n<td width=\"42\">33,22<\/td>\n<td width=\"42\">36,14<\/td>\n<td width=\"42\">38,91<\/td>\n<td width=\"42\">41,55<\/td>\n<td width=\"42\">44,11<\/td>\n<td width=\"42\">31,47<\/td>\n<\/tr>\n<\/tbody>\n<\/table>\n<p>Como hemos dicho, otro de los factores es el viento. En la siguiente figura se ve la potencia de enfriamiento calculado para diferentes velocidades de viento y humedades relativas a una temperatura de 35 \u00baC. Se puede observar que cuanto mayor es la velocidad del viento, mayor es la potencia de enfriamiento, debido a que el viento arrastra el aire de la capa l\u00edmite del pot-in-pot, sustituy\u00e9ndolo por aire seco y favoreciendo as\u00ed la evaporaci\u00f3n de m\u00e1s agua.<\/p>\n<figure id=\"attachment_194\" aria-describedby=\"caption-attachment-194\" style=\"width: 721px\" class=\"wp-caption alignnone\"><img loading=\"lazy\" decoding=\"async\" class=\"wp-image-194 size-full\" src=\"http:\/\/potinpot.industriales.upm.es\/wp-content\/uploads\/2018\/11\/Vviento.png\" alt=\"\" width=\"721\" height=\"402\" srcset=\"http:\/\/potinpot.industriales.upm.es\/wp-content\/uploads\/2018\/11\/Vviento.png 721w, http:\/\/potinpot.industriales.upm.es\/wp-content\/uploads\/2018\/11\/Vviento-300x167.png 300w\" sizes=\"auto, (max-width: 721px) 100vw, 721px\" \/><figcaption id=\"caption-attachment-194\" class=\"wp-caption-text\">Fuente: http:\/\/www.appropedia.org\/File:Zeer_VaryingRH.PNG<\/figcaption><\/figure>\n<p>En la temperatura de equilibrio influye tambi\u00e9n el calor de respiraci\u00f3n (calor que desprenden los alimentos de forma natural) de los alimentos contenidos en el dispositivo. En la siguiente figura vemos las curvas de enfriamiento calculadas para diferentes valores del calor de respiraci\u00f3n (Fuente:\u00a0C. Ortiz, Trabajo de Fin de Grado, ETSII UPM, 2017).<\/p>\n<p><img loading=\"lazy\" decoding=\"async\" class=\"alignnone wp-image-199 size-full\" src=\"http:\/\/potinpot.industriales.upm.es\/wp-content\/uploads\/2018\/11\/Respiracion.jpg\" alt=\"\" width=\"553\" height=\"402\" srcset=\"http:\/\/potinpot.industriales.upm.es\/wp-content\/uploads\/2018\/11\/Respiracion.jpg 553w, http:\/\/potinpot.industriales.upm.es\/wp-content\/uploads\/2018\/11\/Respiracion-300x218.jpg 300w\" sizes=\"auto, (max-width: 553px) 100vw, 553px\" \/><\/p>\n<p>En esta gr\u00e1fica, Tfr\u00eda hace referencia a la temperatura interior y Tinf es la temperatura del exterior, siendo Qload el calor de respiraci\u00f3n del alimento.<\/p>\n<p>&nbsp;<\/p>\n","protected":false},"excerpt":{"rendered":"<p>Hemos mencionado en los apartados anteriores que el pot-in-pot consigue descensos de temperatura de hasta 15 grados con respecto al exterior en las condiciones adecuadas, pero \u00bfcu\u00e1les son estas condiciones? \u00bfde qu\u00e9 depende el enfriamiento obtenido? Los factores que m\u00e1s influyen en el enfriamiento son la temperatura exterior y la humedad relativa, pero tambi\u00e9n influyen &hellip; <\/p>\n<p class=\"link-more\"><a href=\"http:\/\/potinpot.industriales.upm.es\/index.php\/cuanto-enfria\/\" class=\"more-link\">Continuar leyendo<span class=\"screen-reader-text\"> \u00ab\u00bfCuanto enfr\u00eda?\u00bb<\/span><\/a><\/p>\n","protected":false},"author":1,"featured_media":0,"parent":0,"menu_order":0,"comment_status":"closed","ping_status":"closed","template":"","meta":{"footnotes":""},"class_list":["post-35","page","type-page","status-publish","hentry"],"_links":{"self":[{"href":"http:\/\/potinpot.industriales.upm.es\/index.php\/wp-json\/wp\/v2\/pages\/35","targetHints":{"allow":["GET"]}}],"collection":[{"href":"http:\/\/potinpot.industriales.upm.es\/index.php\/wp-json\/wp\/v2\/pages"}],"about":[{"href":"http:\/\/potinpot.industriales.upm.es\/index.php\/wp-json\/wp\/v2\/types\/page"}],"author":[{"embeddable":true,"href":"http:\/\/potinpot.industriales.upm.es\/index.php\/wp-json\/wp\/v2\/users\/1"}],"replies":[{"embeddable":true,"href":"http:\/\/potinpot.industriales.upm.es\/index.php\/wp-json\/wp\/v2\/comments?post=35"}],"version-history":[{"count":10,"href":"http:\/\/potinpot.industriales.upm.es\/index.php\/wp-json\/wp\/v2\/pages\/35\/revisions"}],"predecessor-version":[{"id":201,"href":"http:\/\/potinpot.industriales.upm.es\/index.php\/wp-json\/wp\/v2\/pages\/35\/revisions\/201"}],"wp:attachment":[{"href":"http:\/\/potinpot.industriales.upm.es\/index.php\/wp-json\/wp\/v2\/media?parent=35"}],"curies":[{"name":"wp","href":"https:\/\/api.w.org\/{rel}","templated":true}]}}