{"id":207,"date":"2018-11-04T18:56:38","date_gmt":"2018-11-04T18:56:38","guid":{"rendered":"http:\/\/potinpot.industriales.upm.es\/?page_id=207"},"modified":"2018-11-04T20:08:59","modified_gmt":"2018-11-04T20:08:59","slug":"experimenta-con-el-pot-in-pot","status":"publish","type":"page","link":"http:\/\/potinpot.industriales.upm.es\/index.php\/experimenta-con-el-pot-in-pot\/","title":{"rendered":"Experimenta"},"content":{"rendered":"<p>Uno de los objetivos principales de esta p\u00e1gina web es el de fomentar la realizaci\u00f3n de experimentos relacionados con el funcionamiento del pot-in-pot, que engloba cuestiones muy interesantes de termodin\u00e1mica, transferencia de calor y materia, cin\u00e9tica e, incluso, cuestiones de ciencia de materiales. Para ello, a continuaci\u00f3n se proponen distintos experimentos.<\/p>\n<p>En estos experimentos se puede emplear un dispositivo como el comentado en el apartado \u00abComo crear tu pot-in-pot\u00bb, pero tambi\u00e9n se pueden emplear otros dise\u00f1os m\u00e1s simples, como puede ser un botijo o un tiesto lleno de agua y tapado.<\/p>\n<p>Necesitar\u00e1s al menos un term\u00f3metro (anal\u00f3gico o digital), aunque ser\u00eda mejor disponer de dos para poder medir simult\u00e1neamente la temperatura interior y la exterior. Es tambi\u00e9n conveniente disponer de un medidor de humedad relativa. Habr\u00e1 que intentar que las condiciones exteriores se mantengan constantes durante el experimento, por ejemplo, empleando una c\u00e1mara clim\u00e1tica. Si no se dispone de ello, se intentar\u00e1 que las condiciones exteriores var\u00eden lo menos posible, por ejemplo, reduciendo la duraci\u00f3n de los experimentos.<\/p>\n<p>Un experimento t\u00edpico puede ser medir la diferencia de temperaturas a lo largo de varios d\u00edas en un pot-in-pot. En la siguiente figura se presentan resultados obtenidos por nosotros en un experimento llevado a cabo en Madrid, en julio de 2018, con una temperatura exterior que rondaba los 29 \u00baC y una humedad de 30\u00a0\u00b1 5 %.<\/p>\n<p><img loading=\"lazy\" decoding=\"async\" class=\"alignnone wp-image-210 size-full\" src=\"http:\/\/potinpot.industriales.upm.es\/wp-content\/uploads\/2018\/11\/Captura-de-pantalla-2018-11-04-a-las-20.16.21.png\" alt=\"\" width=\"514\" height=\"370\" srcset=\"http:\/\/potinpot.industriales.upm.es\/wp-content\/uploads\/2018\/11\/Captura-de-pantalla-2018-11-04-a-las-20.16.21.png 514w, http:\/\/potinpot.industriales.upm.es\/wp-content\/uploads\/2018\/11\/Captura-de-pantalla-2018-11-04-a-las-20.16.21-300x216.png 300w\" sizes=\"auto, (max-width: 514px) 100vw, 514px\" \/><\/p>\n<p>En esta gr\u00e1fica se puede observar que la temperatura se mantuvo cerca de los 21 \u00baC, esto es un descenso de 8 \u00baC. Adem\u00e1s, cabe destacar que este resultado se ajusta muy bien a las predicciones del modelo te\u00f3rico recogido en el apartado \u00ab\u00bfCu\u00e1nto enfr\u00eda?\u00bb, lo que indica la validez del modelo.<\/p>\n<p>En el marco de este experimento resulta interesante medir la p\u00e9rdida de masa por evaporaci\u00f3n. En general se puede esperar que la velocidad de p\u00e9rdida de masa sea constante mientras que el relleno del pot-in-pot est\u00e9 convenientemente mojado y las condiciones exteriores se mantengan aproximadamente constantes.<\/p>\n<p>Resulta tambi\u00e9n interesante medir la cin\u00e9tica de enfriamiento del sistema. Para ello es necesario medir la temperatura al menos cada 10-15 minutos durante unas 3 horas. El resultado obtenido en el experimento citado anteriormente se presenta en la siguiente figura.<\/p>\n<p><img loading=\"lazy\" decoding=\"async\" class=\"alignnone wp-image-217 size-full\" src=\"http:\/\/potinpot.industriales.upm.es\/wp-content\/uploads\/2018\/11\/Captura-de-pantalla-2018-11-04-a-las-20.36.03.png\" alt=\"\" width=\"555\" height=\"389\" srcset=\"http:\/\/potinpot.industriales.upm.es\/wp-content\/uploads\/2018\/11\/Captura-de-pantalla-2018-11-04-a-las-20.36.03.png 555w, http:\/\/potinpot.industriales.upm.es\/wp-content\/uploads\/2018\/11\/Captura-de-pantalla-2018-11-04-a-las-20.36.03-300x210.png 300w\" sizes=\"auto, (max-width: 555px) 100vw, 555px\" \/><\/p>\n<p>En esta gr\u00e1fica los puntos son los valores medidos experimentalmente y la l\u00ednea es la predicci\u00f3n del modelo de enfriamiento del sistema pot-in-pot, que se presenta en el apartado \u00abTratamiento simplificado\u00bb. En este modelo se predice que, si la velocidad de evaporaci\u00f3n es constante, como se ha comprobado en otro experimento, la temperatura variar\u00e1 seg\u00fan la ecuaci\u00f3n:<\/p>\n<p><span lang=\"EN-US\"><img loading=\"lazy\" decoding=\"async\" id=\"_x0000_i1025\" class=\"aligncenter\" src=\"data:image\/png;base64,iVBORw0KGgoAAAANSUhEUgAAANIAAAAbCAYAAAAJftE+AAAEGWlDQ1BrQ0dDb2xvclNwYWNlR2VuZXJpY1JHQgAAOI2NVV1oHFUUPrtzZyMkzlNsNIV0qD8NJQ2TVjShtLp\/3d02bpZJNtoi6GT27s6Yyc44M7v9oU9FUHwx6psUxL+3gCAo9Q\/bPrQvlQol2tQgKD60+INQ6Ium65k7M5lpurHeZe58853vnnvuuWfvBei5qliWkRQBFpquLRcy4nOHj4g9K5CEh6AXBqFXUR0rXalMAjZPC3e1W99Dwntf2dXd\/p+tt0YdFSBxH2Kz5qgLiI8B8KdVy3YBevqRHz\/qWh72Yui3MUDEL3q44WPXw3M+fo1pZuQs4tOIBVVTaoiXEI\/MxfhGDPsxsNZfoE1q66ro5aJim3XdoLFw72H+n23BaIXzbcOnz5mfPoTvYVz7KzUl5+FRxEuqkp9G\/Ajia219thzg25abkRE\/BpDc3pqvphHvRFys2weqvp+krbWKIX7nhDbzLOItiM8358pTwdirqpPFnMF2xLc1WvLyOwTAibpbmvHHcvttU57y5+XqNZrLe3lE\/Pq8eUj2fXKfOe3pfOjzhJYtB\/yll5SDFcSDiH+hRkH25+L+sdxKEAMZahrlSX8ukqMOWy\/jXW2m6M9LDBc31B9LFuv6gVKg\/0Szi3KAr1kGq1GMjU\/aLbnq6\/lRxc4XfJ98hTargX++DbMJBSiYMIe9Ck1YAxFkKEAG3xbYaKmDDgYyFK0UGYpfoWYXG+fAPPI6tJnNwb7ClP7IyF+D+bjOtCpkhz6CFrIa\/I6sFtNl8auFXGMTP34sNwI\/JhkgEtmDz14ySfaRcTIBInmKPE32kxyyE2Tv+thKbEVePDfW\/byMM1Kmm0XdObS7oGD\/MypMXFPXrCwOtoYjyyn7BV29\/MZfsVzpLDdRtuIZnbpXzvlf+ev8MvYr\/Gqk4H\/kV\/G3csdazLuyTMPsbFhzd1UabQbjFvDRmcWJxR3zcfHkVw9GfpbJmeev9F08WW8uDkaslwX6avlWGU6NRKz0g\/SHtCy9J30o\/ca9zX3Kfc19zn3BXQKRO8ud477hLnAfc1\/G9mrzGlrfexZ5GLdn6ZZrrEohI2wVHhZywjbhUWEy8icMCGNCUdiBlq3r+xafL549HQ5jH+an+1y+LlYBifuxAvRN\/lVVVOlwlCkdVm9NOL5BE4wkQ2SMlDZU97hX86EilU\/lUmkQUztTE6mx1EEPh7OmdqBtAvv8HdWpbrJS6tJj3n0CWdM6busNzRV3S9KTYhqvNiqWmuroiKgYhshMjmhTh9ptWhsF7970j\/SbMrsPE1suR5z7DMC+P\/Hs+y7ijrQAlhyAgccjbhjPygfeBTjzhNqy28EdkUh8C+DU9+z2v\/oyeH791OncxHOs5y2AtTc7nb\/f73TWPkD\/qwBnjX8BoJ98VQNcC+8AAAaqSURBVHgB7Zq7q11FFMaTGBUjBgUfqIUTCwMBH4hYpVCIjY82ku42Pri9NhaeWvIPpLANpFMCNip4g9gIop2IcGNjEfGNQRHU73cz33Uc99535uyzz9437A\/WnfeatdbMmrXOTg4cmDFbYLbAbIF9YoEgOR\/aJ7KOKeZd2vzkmAI07H1Qfaca+ueuNVrgkPb6XPS3aEM0o9sCpzWMraCbu6eudPSwuN3RwvEF9SPPjJEswEvmSxFGkmE\/bsuFtt14iNYBP3ZNeyELzjRjJAuc174cwpwW1B8AaTC2u1i\/tGoFkeg1kR2X\/dLIZKdOHZrU86xoEYn6SV5NwGHfslPr\/jO0Yuw+JVm6rdE+ygH8IPpC9Fg2bT\/qN4bM3LXnRcdFX2U2XFWT9PFLURBdEuEUH4quisA50X0iRyTaL4tyPEMH3maP3KtMPTNntor2lGSxPvwAPuxGYcmBYMv8A8MU9dtLpbFkdjRY9vHelGIbDUR\/EBk+qyfcEUun5vcn\/UQj+nEozpe7sYugGp3bIiZtxTZ9QQQj6uSRQyNog6nIgq6+RAsaFUAHCHumCGpMSb9Utrb6mDL\/GO2V27FNVvczf6uFuMdEWMN75B83cBrOqgmN5+uvEkfiCk+i5CIB6gsqA2NKsqAqB4Lu5NGluE0TWdP08ExNvxKdxpTZL39oEZRMgYeeyP+f6NAyP+\/GeTgrnCkHfRt5p9qOlDhqK3AmGOfM2ZBL1QXGS6iLRzrWR5aUT586+mCLGkcKhWumoJ9ErcK6ZbYTbzZIeV59vqsumxyiYeluV4g8tlWS2lECP4Z5lGIsiNhvIUKGINqNONTBiWvFzt+3k\/ofqrO4DSjwVyGFNiZZ\/7KyZGxW0vytgsuzce5ea6akX6l665b5syjYrZmA3Lczse9ulcdj\/XaVNZHpm7guqPxU9GRsv6qSD0Xc+xzfx443Vf4qukyb0JiCryTGO64UlK9ozgMF8zDIlYJ5TFlWlkL2jdOOqPeGZORorJMv87DclIxhxC681zWosaH0y3XoEmMvHfK1Q8mc79PV3tAgDgMeEX0neo5GxC+uFJQEB7IOKA0Ub6kN7yZgM+Z3YlujMIQIb2NiDFmse0lJXt6ETXWyPjQNJn01+vFb1b9XExaN1RLZPadNh0bG6qyRuY1HTb8\/dKWptWWnJB0jvXLfxRrmLXPhCb8qpBEJLwvJ6prXinV3ippCYcJy5799EK5JA7vQR5YuvnuNHdOE9AG5R+33RZdEL4mcM1N+LerCnx2DpfrhPNjr0cgLOZ4SdR10rkNc+r+iRId0UanM6ZpV19P7Cm\/SMYBd3hB9TKMnHtT6F\/vwILe0Z29VMvK6krLkFewjS6Xoe05HJ6JMKXg9WXO6Y0Gpfnz5gxfOfSrWeYHHQKnMq5Qtj0hBzH3Hzq1yo768DiUMnk7qF5J6SZXfPkcLqeRfqWtk4XPkWRGXDuPyG8HgIOhjDGfgEnIhSsErDNCvFO\/GiUToNpToh\/MQiX4SkR18JAJnRJZrp2NNf0pkTkVZxbkcSxmqfiVppxnTw+rHwdhzVHD5+BJib+dVHQs1sjif3ZKwRDrkX4iA\/0ENJwoi61Zj7INxXY09\/HK35eul+llm5AeWBT3SB3BncOA\/pTJbjFWdy0IM0ZezNXyOlH4k3efU23PXXnJYFsYlr\/kYqJHFsnLJ7DibUWiPOa92u0YnLizrFjWL4hrWNaFUP6c1PHBgTEcqlfmapP\/epb7nsi2G2NFnCH8ewvTRZ5yMhL1mLGEBXzQMacKgwGOOChifOVsMVuKU5tdEMdiTQrJfTRrJuhRBDXhwicGYjnRNgrK\/tr3PhHKZcyG6pPrnu\/PIrTsy5zJcF20f2ELa5K+RxxydOEgOxW1VB0UQd\/azIy+zmZ3fEcnREb5Thm2\/kJB9zoX16EqmMWNACwTxxtC8\/oR+nMSXLMQ6DuSUjzH614UtbdR3T6cwRDYiI\/xqfq9p+toRtCNy9jkXPrTAw4+IqjOGtIBTKIy+LeIAgNMC+n2hqae5NvOGBHuxJ7Tsj2DW2Zng4xRJ1Umjz7mkkbdPajxpA01RuDx9SGVkzAeznQ6sqe70DCfgS9ayQI8uPZflO+S6LnnbzsWfsbFXGFK4VfO+Hn6sYfQ2MPZ4HPy5bdKA\/UQT\/u\/e66J7e+yDHl169mA92NIuedvOhQiMrbDZZdG+QfofNPeN0JWCntD8G0W\/iz4QXRWtE1yaT0Ql\/xC9TrnG3qvpXL6NtupywrHlnvefLTBbYLbAbIHZAhO2wD8+CED2XsVF2gAAAABJRU5ErkJggg==\" width=\"210\" height=\"27\" \/><\/span><\/p>\n<p><span lang=\"ES\">donde <\/span><span lang=\"ES\">T<sub>eq\u00a0<\/sub>es temperatura de equilibrio y <\/span><span lang=\"EN-US\">\u03c4\u00a0<\/span><span lang=\"ES\">es el tiempo de relajaci\u00f3n. Esta ecuaci\u00f3n predice que la temperatura interior descender\u00e1 exponencialmente hasta alcanzar la temperatura de equilibrio.<\/span><\/p>\n<p>Se puede observar que el modelo predice con mucha exactitud lo que sucede a partir de la primera hora de experimento, mostrando la utilidad de este modelo. Sin embargo, en la primera hora el modelo no predice correctamente la temperatura, debido a que se trata de un per\u00edodo transitorio, hasta que la arcilla se empapa de agua y el sistema alcanza su r\u00e9gimen de funcionamiento normal.<\/p>\n<p>Por supuesto, adem\u00e1s de estos experimentos sugeridos, hay otros muchos que pueden realizarse, como pueden ser:<\/p>\n<ul>\n<li>Analizar la influencia del viento.<\/li>\n<li>Estudiar el efecto de la naturaleza del relleno, que puede ser diferentes tipos de arena o de tierra.<\/li>\n<li>Comprobar el efecto de aislar el recipiente interior.<\/li>\n<li>Replicar el experimento con diferentes tipos y tama\u00f1os de tiestos.<\/li>\n<\/ul>\n<p>Pero, sin duda, uno de los principales objetivos de esta p\u00e1gina web es animar a los lectores a que dise\u00f1en y realicen sus propios experimentos.<\/p>\n","protected":false},"excerpt":{"rendered":"<p>Uno de los objetivos principales de esta p\u00e1gina web es el de fomentar la realizaci\u00f3n de experimentos relacionados con el funcionamiento del pot-in-pot, que engloba cuestiones muy interesantes de termodin\u00e1mica, transferencia de calor y materia, cin\u00e9tica e, incluso, cuestiones de ciencia de materiales. Para ello, a continuaci\u00f3n se proponen distintos experimentos. En estos experimentos se &hellip; <\/p>\n<p class=\"link-more\"><a href=\"http:\/\/potinpot.industriales.upm.es\/index.php\/experimenta-con-el-pot-in-pot\/\" class=\"more-link\">Continuar leyendo<span class=\"screen-reader-text\"> \u00abExperimenta\u00bb<\/span><\/a><\/p>\n","protected":false},"author":1,"featured_media":0,"parent":0,"menu_order":0,"comment_status":"closed","ping_status":"closed","template":"","meta":{"footnotes":""},"class_list":["post-207","page","type-page","status-publish","hentry"],"_links":{"self":[{"href":"http:\/\/potinpot.industriales.upm.es\/index.php\/wp-json\/wp\/v2\/pages\/207","targetHints":{"allow":["GET"]}}],"collection":[{"href":"http:\/\/potinpot.industriales.upm.es\/index.php\/wp-json\/wp\/v2\/pages"}],"about":[{"href":"http:\/\/potinpot.industriales.upm.es\/index.php\/wp-json\/wp\/v2\/types\/page"}],"author":[{"embeddable":true,"href":"http:\/\/potinpot.industriales.upm.es\/index.php\/wp-json\/wp\/v2\/users\/1"}],"replies":[{"embeddable":true,"href":"http:\/\/potinpot.industriales.upm.es\/index.php\/wp-json\/wp\/v2\/comments?post=207"}],"version-history":[{"count":10,"href":"http:\/\/potinpot.industriales.upm.es\/index.php\/wp-json\/wp\/v2\/pages\/207\/revisions"}],"predecessor-version":[{"id":224,"href":"http:\/\/potinpot.industriales.upm.es\/index.php\/wp-json\/wp\/v2\/pages\/207\/revisions\/224"}],"wp:attachment":[{"href":"http:\/\/potinpot.industriales.upm.es\/index.php\/wp-json\/wp\/v2\/media?parent=207"}],"curies":[{"name":"wp","href":"https:\/\/api.w.org\/{rel}","templated":true}]}}