{"id":113,"date":"2018-11-04T09:19:18","date_gmt":"2018-11-04T09:19:18","guid":{"rendered":"http:\/\/potinpot.industriales.upm.es\/?page_id=113"},"modified":"2018-11-04T18:52:23","modified_gmt":"2018-11-04T18:52:23","slug":"como-crear-tu-pot-in-pot","status":"publish","type":"page","link":"http:\/\/potinpot.industriales.upm.es\/index.php\/como-crear-tu-pot-in-pot\/","title":{"rendered":"C\u00f3mo crear tu pot-in-pot"},"content":{"rendered":"<p>Existen diversas formas de crear un dispositivo pot-in-pot, dependiendo de los materiales de los que dispongas y de tu propia habilidad, pero en esta p\u00e1gina web nos hemos decidido por un ejemplo de los m\u00e1s sencillos. Para este ejemplo solo necesitar\u00e1s dos tiestos de formas similares y distintos tama\u00f1os, que sean de cer\u00e1mica porosa y sin pintar ni vitrificar (para que el agua pueda evaporarse), as\u00ed como arena o tierra para rellenar el hueco que quede entre ellos, un trapo o pa\u00f1o para taparlos y agua.<\/p>\n<figure id=\"attachment_203\" aria-describedby=\"caption-attachment-203\" style=\"width: 525px\" class=\"wp-caption alignnone\"><img loading=\"lazy\" decoding=\"async\" class=\"wp-image-203 size-large\" src=\"http:\/\/potinpot.industriales.upm.es\/wp-content\/uploads\/2018\/11\/Tiestos-1024x576.jpg\" alt=\"\" width=\"525\" height=\"295\" srcset=\"http:\/\/potinpot.industriales.upm.es\/wp-content\/uploads\/2018\/11\/Tiestos-1024x576.jpg 1024w, http:\/\/potinpot.industriales.upm.es\/wp-content\/uploads\/2018\/11\/Tiestos-300x169.jpg 300w, http:\/\/potinpot.industriales.upm.es\/wp-content\/uploads\/2018\/11\/Tiestos-768x432.jpg 768w\" sizes=\"auto, (max-width: 525px) 100vw, 525px\" \/><figcaption id=\"caption-attachment-203\" class=\"wp-caption-text\">Tiestos para pot-in-pot<\/figcaption><\/figure>\n<p>Una vez se tiene todo lo necesario, el procedimiento a seguir es sencillo:<\/p>\n<ul>\n<li>En primer lugar, se deber\u00e1n tapar los orificios interiores de los tiestos, para evitar que la arena salga del recipiente exterior o entre al interior y contamine los alimentos<\/li>\n<li>A continuaci\u00f3n, se recubrir\u00e1 la base del recipiente mayor con arena, de tal forma que cuando se introduzca el otro recipiente la parte de arriba de los dos quede a la misma altura.<\/li>\n<li>Una vez introducido el tiesto de menor tama\u00f1o, se rellenar\u00e1 el espacio libre entre los dos recipientes con arena o tierra, dependiendo de cual se est\u00e9 utilizando, hasta que no sea posible meter m\u00e1s. Para no derramar demasiada arena durante el relleno se sugiere el uso de un embudo, preferiblemente de papel, ya que es muy sencillo de hacer y permite regular la anchura del orificio inferior.<\/li>\n<li>Cuando se ha terminado de rellenar el espacio entre los dos tiestos hay que humedecerlo. Para ello, lo que haremos ser\u00e1 echar agua con una botella en la arena hasta que veamos que no admite m\u00e1s, lo que indica que la arena est\u00e1 saturada.<\/li>\n<li>Por \u00faltimo, se introducen los alimentos en el interior del pot-in-pot y se tapan con un pa\u00f1o h\u00famedo, con lo que se queda todo listo para poder conservarlos durante mucho m\u00e1s tiempo. Y recuerda que si va a estar varios d\u00edas funcionando habr\u00e1 que ir reponiendo el agua peri\u00f3dicamente.<\/li>\n<\/ul>\n<p><img loading=\"lazy\" decoding=\"async\" class=\"alignnone wp-image-204 size-large\" src=\"http:\/\/potinpot.industriales.upm.es\/wp-content\/uploads\/2018\/11\/20180718_091145-1024x576.jpg\" alt=\"\" width=\"525\" height=\"295\" srcset=\"http:\/\/potinpot.industriales.upm.es\/wp-content\/uploads\/2018\/11\/20180718_091145-1024x576.jpg 1024w, http:\/\/potinpot.industriales.upm.es\/wp-content\/uploads\/2018\/11\/20180718_091145-300x169.jpg 300w, http:\/\/potinpot.industriales.upm.es\/wp-content\/uploads\/2018\/11\/20180718_091145-768x432.jpg 768w\" sizes=\"auto, (max-width: 525px) 100vw, 525px\" \/><\/p>\n","protected":false},"excerpt":{"rendered":"<p>Existen diversas formas de crear un dispositivo pot-in-pot, dependiendo de los materiales de los que dispongas y de tu propia habilidad, pero en esta p\u00e1gina web nos hemos decidido por un ejemplo de los m\u00e1s sencillos. Para este ejemplo solo necesitar\u00e1s dos tiestos de formas similares y distintos tama\u00f1os, que sean de cer\u00e1mica porosa y &hellip; <\/p>\n<p class=\"link-more\"><a href=\"http:\/\/potinpot.industriales.upm.es\/index.php\/como-crear-tu-pot-in-pot\/\" class=\"more-link\">Continuar leyendo<span class=\"screen-reader-text\"> \u00abC\u00f3mo crear tu pot-in-pot\u00bb<\/span><\/a><\/p>\n","protected":false},"author":1,"featured_media":0,"parent":0,"menu_order":0,"comment_status":"closed","ping_status":"closed","template":"","meta":{"footnotes":""},"class_list":["post-113","page","type-page","status-publish","hentry"],"_links":{"self":[{"href":"http:\/\/potinpot.industriales.upm.es\/index.php\/wp-json\/wp\/v2\/pages\/113","targetHints":{"allow":["GET"]}}],"collection":[{"href":"http:\/\/potinpot.industriales.upm.es\/index.php\/wp-json\/wp\/v2\/pages"}],"about":[{"href":"http:\/\/potinpot.industriales.upm.es\/index.php\/wp-json\/wp\/v2\/types\/page"}],"author":[{"embeddable":true,"href":"http:\/\/potinpot.industriales.upm.es\/index.php\/wp-json\/wp\/v2\/users\/1"}],"replies":[{"embeddable":true,"href":"http:\/\/potinpot.industriales.upm.es\/index.php\/wp-json\/wp\/v2\/comments?post=113"}],"version-history":[{"count":4,"href":"http:\/\/potinpot.industriales.upm.es\/index.php\/wp-json\/wp\/v2\/pages\/113\/revisions"}],"predecessor-version":[{"id":206,"href":"http:\/\/potinpot.industriales.upm.es\/index.php\/wp-json\/wp\/v2\/pages\/113\/revisions\/206"}],"wp:attachment":[{"href":"http:\/\/potinpot.industriales.upm.es\/index.php\/wp-json\/wp\/v2\/media?parent=113"}],"curies":[{"name":"wp","href":"https:\/\/api.w.org\/{rel}","templated":true}]}}